{"id":16,"date":"2020-01-19T15:46:22","date_gmt":"2020-01-19T14:46:22","guid":{"rendered":"http:\/\/www.glueck-auf-middels.de\/wordpress\/?page_id=16"},"modified":"2020-01-19T17:47:40","modified_gmt":"2020-01-19T16:47:40","slug":"kleinkaliber","status":"publish","type":"page","link":"https:\/\/www.glueck-auf-middels.de\/index.php\/kleinkaliber\/","title":{"rendered":"Kleinkaliber"},"content":{"rendered":"\r\n<p>Im\r\nJanuar 2014 wurde f\u00fcr das Kleinkaliberschie\u00dfen eine weitere Sportgruppe in\r\nunserem Verein gegr\u00fcndet.<\/p>\r\n\r\n\r\n\r\n<p>Unsere\r\nmoderne KK-Schie\u00dfanlage hat sechs\r\n50m-Bahnen, die mit elektronischer Schussaufnahme und Trefferauswertung\r\nausgestattet sind. Jeder Sch\u00fctzenstand hat einen eigenen Monitor,\r\nder dem Sch\u00fctzen sowohl die Ergebnisse und das Schussbild\r\nunmittelbar anzeigen. Alle sechs Bahnen k\u00f6nnen f\u00fcr die\r\nAnschlagarten stehend freihand und aufgelegt genutzt werden; mit\r\ngeringem Aufwand k\u00f6nnen die St\u00e4nde f\u00fcr den Kniend- und\r\nLiegendanschlag umgebaut werden. Es stehen vereinseigene Kleinkalibergewehre zur\r\nVerf\u00fcgung, die kostenfrei genutzt werden k\u00f6nnen.<\/p>\r\n\r\n\r\n\r\n<figure class=\"wp-block-image size-large is-style-default\"><img loading=\"lazy\" decoding=\"async\" width=\"1024\" height=\"683\" src=\"https:\/\/www.glueck-auf-middels.de\/wp-content\/uploads\/2020\/01\/Gl\u00fcck-auf-Middels-Kleinkaliberstand-3-1024x683.jpg\" alt=\"Kleinkaliberstand\" class=\"wp-image-84\" srcset=\"https:\/\/www.glueck-auf-middels.de\/wp-content\/uploads\/2020\/01\/Gl\u00fcck-auf-Middels-Kleinkaliberstand-3-1024x683.jpg 1024w, https:\/\/www.glueck-auf-middels.de\/wp-content\/uploads\/2020\/01\/Gl\u00fcck-auf-Middels-Kleinkaliberstand-3-300x200.jpg 300w, https:\/\/www.glueck-auf-middels.de\/wp-content\/uploads\/2020\/01\/Gl\u00fcck-auf-Middels-Kleinkaliberstand-3-768x512.jpg 768w, https:\/\/www.glueck-auf-middels.de\/wp-content\/uploads\/2020\/01\/Gl\u00fcck-auf-Middels-Kleinkaliberstand-3-1536x1024.jpg 1536w, https:\/\/www.glueck-auf-middels.de\/wp-content\/uploads\/2020\/01\/Gl\u00fcck-auf-Middels-Kleinkaliberstand-3-2048x1365.jpg 2048w\" sizes=\"auto, (max-width: 1024px) 100vw, 1024px\" \/><figcaption>Kleinkaliberstand<\/figcaption><\/figure>\r\n\r\n\r\n\r\n<p>&#8222;Neulinge&#8220; erhalten zun\u00e4chst eine\r\nEinweisung&nbsp;in die Technik des Schie\u00dfstandes und im Umgang mit den\r\nKleinkaliberwaffen.  <\/p>\r\n\r\n\r\n\r\n<p>Die Standaufsicht wird von einem Team sachkundiger\r\nSch\u00fctzen durchgef\u00fchrt.<\/p>\r\n\r\n\r\n\r\n<p><strong>\u00dcbungszeiten bis zu den Sommerferien:&nbsp;Montags ab 19:00 Uhr<\/strong><\/p>\r\n\r\n\r\n\r\n<p><strong>Sommerpause im Juli!<\/strong><\/p>\r\n","protected":false},"excerpt":{"rendered":"<p>Im Januar 2014 wurde f\u00fcr das Kleinkaliberschie\u00dfen eine weitere Sportgruppe in unserem Verein gegr\u00fcndet. Unsere moderne KK-Schie\u00dfanlage hat sechs 50m-Bahnen, die mit elektronischer Schussaufnahme und Trefferauswertung ausgestattet sind. Jeder Sch\u00fctzenstand hat einen eigenen Monitor, der dem Sch\u00fctzen sowohl die Ergebnisse und das Schussbild unmittelbar anzeigen. Alle sechs Bahnen k\u00f6nnen f\u00fcr die Anschlagarten stehend freihand und [&hellip;]<\/p>\n","protected":false},"author":1,"featured_media":0,"parent":0,"menu_order":0,"comment_status":"closed","ping_status":"closed","template":"","meta":{"footnotes":""},"class_list":["post-16","page","type-page","status-publish","hentry"],"_links":{"self":[{"href":"https:\/\/www.glueck-auf-middels.de\/index.php\/wp-json\/wp\/v2\/pages\/16","targetHints":{"allow":["GET"]}}],"collection":[{"href":"https:\/\/www.glueck-auf-middels.de\/index.php\/wp-json\/wp\/v2\/pages"}],"about":[{"href":"https:\/\/www.glueck-auf-middels.de\/index.php\/wp-json\/wp\/v2\/types\/page"}],"author":[{"embeddable":true,"href":"https:\/\/www.glueck-auf-middels.de\/index.php\/wp-json\/wp\/v2\/users\/1"}],"replies":[{"embeddable":true,"href":"https:\/\/www.glueck-auf-middels.de\/index.php\/wp-json\/wp\/v2\/comments?post=16"}],"version-history":[{"count":2,"href":"https:\/\/www.glueck-auf-middels.de\/index.php\/wp-json\/wp\/v2\/pages\/16\/revisions"}],"predecessor-version":[{"id":91,"href":"https:\/\/www.glueck-auf-middels.de\/index.php\/wp-json\/wp\/v2\/pages\/16\/revisions\/91"}],"wp:attachment":[{"href":"https:\/\/www.glueck-auf-middels.de\/index.php\/wp-json\/wp\/v2\/media?parent=16"}],"curies":[{"name":"wp","href":"https:\/\/api.w.org\/{rel}","templated":true}]}}