{"id":18,"date":"2020-01-19T15:47:41","date_gmt":"2020-01-19T14:47:41","guid":{"rendered":"http:\/\/www.glueck-auf-middels.de\/wordpress\/?page_id=18"},"modified":"2020-04-27T10:11:07","modified_gmt":"2020-04-27T08:11:07","slug":"grosskaliber","status":"publish","type":"page","link":"https:\/\/www.glueck-auf-middels.de\/index.php\/grosskaliber\/","title":{"rendered":"Gro\u00dfkaliber"},"content":{"rendered":"\n<p>Die Gro\u00dfkalibergruppe ist mit ca. 170 Mitgliedern die st\u00e4rkste Gruppe innerhalb des Vereins. <\/p>\n\n\n\n<p>Der Stand ist technisch auf dem h\u00f6chsten Niveau: <br>Seit 2010 ist auf drei Bahnen 50m-Schiessen m\u00f6glich, wobei erstmalig, dank einer leistungsstarker L\u00fcftung, auch Vorderlader-Sch\u00fctzen in einem geschlossenen Raum ihrem Sport nachgehen k\u00f6nnen. Die Anlage verkraftet Geschosse bis 7500 Joule. <\/p>\n\n\n\n<figure class=\"wp-block-image size-large is-style-default\"><img loading=\"lazy\" decoding=\"async\" width=\"1024\" height=\"499\" src=\"https:\/\/www.glueck-auf-middels.de\/wp-content\/uploads\/2020\/01\/DSC_4168-1024x499.jpg\" alt=\"Gro\u00dfkaliberstand\" class=\"wp-image-75\" srcset=\"https:\/\/www.glueck-auf-middels.de\/wp-content\/uploads\/2020\/01\/DSC_4168-1024x499.jpg 1024w, https:\/\/www.glueck-auf-middels.de\/wp-content\/uploads\/2020\/01\/DSC_4168-300x146.jpg 300w, https:\/\/www.glueck-auf-middels.de\/wp-content\/uploads\/2020\/01\/DSC_4168-768x374.jpg 768w, https:\/\/www.glueck-auf-middels.de\/wp-content\/uploads\/2020\/01\/DSC_4168-1536x748.jpg 1536w, https:\/\/www.glueck-auf-middels.de\/wp-content\/uploads\/2020\/01\/DSC_4168-2048x998.jpg 2048w\" sizes=\"auto, (max-width: 1024px) 100vw, 1024px\" \/><figcaption>Gro\u00dfkaliberstand<\/figcaption><\/figure>\n\n\n\n<p>Geschossen wird jeden Donnerstag ab 19 Uhr.  <\/p>\n\n\n\n<p>Vergleichswettk\u00e4mpfe mit dem befreundeten Verein &#8222;SV Hol\u00dfel&#8220; und eine  j\u00e4hrlich stattfindende Gro\u00dfkaliber-Party geh\u00f6ren mit zu den H\u00f6hepunkten  der Gruppe. Die Spartenleitung obliegt Mirco Heiken.  <\/p>\n\n\n\n<p><strong>Termine:<\/strong> <a rel=\"noreferrer noopener\" aria-label=\"Hier als PDF! (\u00f6ffnet in neuem Tab)\" href=\"https:\/\/www.glueck-auf-middels.de\/wp-content\/uploads\/2020\/01\/schie\u00dftermine-2020.pdf\" target=\"_blank\">Hier als PDF!<\/a><\/p>\n","protected":false},"excerpt":{"rendered":"<p>Die Gro\u00dfkalibergruppe ist mit ca. 170 Mitgliedern die st\u00e4rkste Gruppe innerhalb des Vereins. Der Stand ist technisch auf dem h\u00f6chsten Niveau: Seit 2010 ist auf drei Bahnen 50m-Schiessen m\u00f6glich, wobei erstmalig, dank einer leistungsstarker L\u00fcftung, auch Vorderlader-Sch\u00fctzen in einem geschlossenen Raum ihrem Sport nachgehen k\u00f6nnen. Die Anlage verkraftet Geschosse bis 7500 Joule. Geschossen wird jeden [&hellip;]<\/p>\n","protected":false},"author":1,"featured_media":0,"parent":0,"menu_order":0,"comment_status":"closed","ping_status":"closed","template":"","meta":{"footnotes":""},"class_list":["post-18","page","type-page","status-publish","hentry"],"_links":{"self":[{"href":"https:\/\/www.glueck-auf-middels.de\/index.php\/wp-json\/wp\/v2\/pages\/18","targetHints":{"allow":["GET"]}}],"collection":[{"href":"https:\/\/www.glueck-auf-middels.de\/index.php\/wp-json\/wp\/v2\/pages"}],"about":[{"href":"https:\/\/www.glueck-auf-middels.de\/index.php\/wp-json\/wp\/v2\/types\/page"}],"author":[{"embeddable":true,"href":"https:\/\/www.glueck-auf-middels.de\/index.php\/wp-json\/wp\/v2\/users\/1"}],"replies":[{"embeddable":true,"href":"https:\/\/www.glueck-auf-middels.de\/index.php\/wp-json\/wp\/v2\/comments?post=18"}],"version-history":[{"count":6,"href":"https:\/\/www.glueck-auf-middels.de\/index.php\/wp-json\/wp\/v2\/pages\/18\/revisions"}],"predecessor-version":[{"id":177,"href":"https:\/\/www.glueck-auf-middels.de\/index.php\/wp-json\/wp\/v2\/pages\/18\/revisions\/177"}],"wp:attachment":[{"href":"https:\/\/www.glueck-auf-middels.de\/index.php\/wp-json\/wp\/v2\/media?parent=18"}],"curies":[{"name":"wp","href":"https:\/\/api.w.org\/{rel}","templated":true}]}}