{"id":267,"date":"2022-07-28T16:06:12","date_gmt":"2022-07-28T14:06:12","guid":{"rendered":"https:\/\/www.glueck-auf-middels.de\/?page_id=267"},"modified":"2022-07-28T16:06:12","modified_gmt":"2022-07-28T14:06:12","slug":"alle-beitraege","status":"publish","type":"page","link":"https:\/\/www.glueck-auf-middels.de\/index.php\/alle-beitraege\/","title":{"rendered":"Alle Beitr\u00e4ge"},"content":{"rendered":"<ul class=\"wp-block-latest-posts__list has-dates wp-block-latest-posts\"><li><a class=\"wp-block-latest-posts__post-title\" href=\"https:\/\/www.glueck-auf-middels.de\/index.php\/2026\/03\/17\/marathon-schiessen-beim-sv-glueck-auf-middels\/\">Marathonschie\u00dfen mit 80 Teilnehmern<\/a><time datetime=\"2026-03-17T07:40:42+01:00\" class=\"wp-block-latest-posts__post-date\">17. M\u00e4rz 2026<\/time><div class=\"wp-block-latest-posts__post-excerpt\">Sch\u00fctzinnen und Sch\u00fctzen messen sich im 100-Schuss-Wettkampf Beim diesj\u00e4hrigen Marathonschie\u00dfen am 27. Februar 2026 stellten sich insgesamt 80 Sch\u00fctzinnen und Sch\u00fctzen der\u2026\u00a0<a class=\"wp-block-latest-posts__read-more\" href=\"https:\/\/www.glueck-auf-middels.de\/index.php\/2026\/03\/17\/marathon-schiessen-beim-sv-glueck-auf-middels\/\" rel=\"noopener noreferrer\"><span class=\"screen-reader-text\">Marathonschie\u00dfen mit 80 Teilnehmern <\/span>weiterlesen<\/a><\/div><\/li>\n<li><a class=\"wp-block-latest-posts__post-title\" href=\"https:\/\/www.glueck-auf-middels.de\/index.php\/2026\/02\/20\/tag-der-offenen-schiessstaende\/\">Tag der offenen Schie\u00dfst\u00e4nde<\/a><time datetime=\"2026-02-20T08:41:00+01:00\" class=\"wp-block-latest-posts__post-date\">20. Februar 2026<\/time><div class=\"wp-block-latest-posts__post-excerpt\">Am Sonntag den 22. M\u00e4rz 2026 von 10.00 Uhr bis 16.30 Uhr bieten wir Einblicke in die Vielfalt des Schie\u00dfsports. \u2022 Live\u2026\u00a0<a class=\"wp-block-latest-posts__read-more\" href=\"https:\/\/www.glueck-auf-middels.de\/index.php\/2026\/02\/20\/tag-der-offenen-schiessstaende\/\" rel=\"noopener noreferrer\"><span class=\"screen-reader-text\">Tag der offenen Schie\u00dfst\u00e4nde <\/span>weiterlesen<\/a><\/div><\/li>\n<li><a class=\"wp-block-latest-posts__post-title\" href=\"https:\/\/www.glueck-auf-middels.de\/index.php\/2025\/11\/14\/advents-basar-am-23-november-im-schuetzenhuus-middels\/\">Advents\u2013Basar<\/a><time datetime=\"2025-11-14T09:57:18+01:00\" class=\"wp-block-latest-posts__post-date\">14. November 2025<\/time><div class=\"wp-block-latest-posts__post-excerpt\">! Achtung: Infos zum Adentsbasar 2026 im Men\u00fc unter Sch\u00fctzenverein zu finden: Adventsbasar 2025 Am Sonntag, 23. November 2025 richten wir von\u2026\u00a0<a class=\"wp-block-latest-posts__read-more\" href=\"https:\/\/www.glueck-auf-middels.de\/index.php\/2025\/11\/14\/advents-basar-am-23-november-im-schuetzenhuus-middels\/\" rel=\"noopener noreferrer\"><span class=\"screen-reader-text\">Advents\u2013Basar <\/span>weiterlesen<\/a><\/div><\/li>\n<li><a class=\"wp-block-latest-posts__post-title\" href=\"https:\/\/www.glueck-auf-middels.de\/index.php\/2025\/09\/09\/deutsche-meisterschaften-2025-in-muenchen\/\">Deutsche Meisterschaften 2025 in M\u00fcnchen<\/a><time datetime=\"2025-09-09T08:52:30+02:00\" class=\"wp-block-latest-posts__post-date\">9. September 2025<\/time><div class=\"wp-block-latest-posts__post-excerpt\">\u201eGl\u00fcck auf\u201c \u2013 Sch\u00fctzinnen sammeln Bronze, Silber und Gold ein Auch in diesem Jahr schafften es 9 Sch\u00fctzinnen und Sch\u00fctzen unseres Vereins\u2026\u00a0<a class=\"wp-block-latest-posts__read-more\" href=\"https:\/\/www.glueck-auf-middels.de\/index.php\/2025\/09\/09\/deutsche-meisterschaften-2025-in-muenchen\/\" rel=\"noopener noreferrer\"><span class=\"screen-reader-text\">Deutsche Meisterschaften 2025 in M\u00fcnchen <\/span>weiterlesen<\/a><\/div><\/li>\n<li><a class=\"wp-block-latest-posts__post-title\" href=\"https:\/\/www.glueck-auf-middels.de\/index.php\/2025\/04\/28\/marco-kurth-und-ute-kirschbaum-regieren-jetzt-unseren-verein\/\">Marco Kurth und Ute Kirschbaum regieren jetzt unseren Verein<\/a><time datetime=\"2025-04-28T22:27:58+02:00\" class=\"wp-block-latest-posts__post-date\">28. April 2025<\/time><div class=\"wp-block-latest-posts__post-excerpt\">\u00dcber ein volles Haus an beiden Festtagen konnten wir die \u201eGl\u00fcck auf\u201c-Sch\u00fctzen am 26. Und 27. April 2025 freuen. Unser Verein er\u00f6ffnete\u2026\u00a0<a class=\"wp-block-latest-posts__read-more\" href=\"https:\/\/www.glueck-auf-middels.de\/index.php\/2025\/04\/28\/marco-kurth-und-ute-kirschbaum-regieren-jetzt-unseren-verein\/\" rel=\"noopener noreferrer\"><span class=\"screen-reader-text\">Marco Kurth und Ute Kirschbaum regieren jetzt unseren Verein <\/span>weiterlesen<\/a><\/div><\/li>\n<li><a class=\"wp-block-latest-posts__post-title\" href=\"https:\/\/www.glueck-auf-middels.de\/index.php\/2025\/04\/28\/losnummern-zum-schuetzenfest-2025\/\">Losnummern zum Sch\u00fctzenfest 2025<\/a><time datetime=\"2025-04-28T20:46:34+02:00\" class=\"wp-block-latest-posts__post-date\">28. April 2025<\/time><div class=\"wp-block-latest-posts__post-excerpt\"><\/div><\/li>\n<li><a class=\"wp-block-latest-posts__post-title\" href=\"https:\/\/www.glueck-auf-middels.de\/index.php\/2025\/04\/09\/schuetzenfest-2025\/\">Sch\u00fctzenfest 2025<\/a><time datetime=\"2025-04-09T12:50:07+02:00\" class=\"wp-block-latest-posts__post-date\">9. April 2025<\/time><div class=\"wp-block-latest-posts__post-excerpt\">Es ist wieder soweit: Unser Sch\u00fctzenfest steht am 26. April &#8211; 27. April wieder an. Hiermit laden wir euch alle ein!<\/div><\/li>\n<li><a class=\"wp-block-latest-posts__post-title\" href=\"https:\/\/www.glueck-auf-middels.de\/index.php\/2025\/02\/04\/einladung-zur-jahreshauptversammlung-2025\/\">Einladung zur Jahreshauptversammlung 2025<\/a><time datetime=\"2025-02-04T10:09:21+01:00\" class=\"wp-block-latest-posts__post-date\">4. Februar 2025<\/time><div class=\"wp-block-latest-posts__post-excerpt\">Liebe Mitglieder,hiermit laden wir zur Jahreshauptversammlung am Freitag, 07. M\u00e4rz 2025 im Sch\u00fctzenhuus in Aurich-Middels ein. Beginn ist um 20.00 Uhr. Antr\u00e4ge\u2026\u00a0<a class=\"wp-block-latest-posts__read-more\" href=\"https:\/\/www.glueck-auf-middels.de\/index.php\/2025\/02\/04\/einladung-zur-jahreshauptversammlung-2025\/\" rel=\"noopener noreferrer\"><span class=\"screen-reader-text\">Einladung zur Jahreshauptversammlung 2025 <\/span>weiterlesen<\/a><\/div><\/li>\n<li><a class=\"wp-block-latest-posts__post-title\" href=\"https:\/\/www.glueck-auf-middels.de\/index.php\/2024\/11\/05\/adventsbasar-2024-wieder-mit-tee-und-kaffee\/\">Adventsbasar 2024 wieder mit Tee und Kaffee<\/a><time datetime=\"2024-11-05T21:24:52+01:00\" class=\"wp-block-latest-posts__post-date\">5. November 2024<\/time><div class=\"wp-block-latest-posts__post-excerpt\">Hallo liebe Basar-Fans, am 24. November ist es wieder so weit. Wir \u00f6ffnen von 11.00 bis 17.30 Uhr die T\u00fcren des Sch\u00fctzenhuuses\u2026\u00a0<a class=\"wp-block-latest-posts__read-more\" href=\"https:\/\/www.glueck-auf-middels.de\/index.php\/2024\/11\/05\/adventsbasar-2024-wieder-mit-tee-und-kaffee\/\" rel=\"noopener noreferrer\"><span class=\"screen-reader-text\">Adventsbasar 2024 wieder mit Tee und Kaffee <\/span>weiterlesen<\/a><\/div><\/li>\n<li><a class=\"wp-block-latest-posts__post-title\" href=\"https:\/\/www.glueck-auf-middels.de\/index.php\/2024\/06\/25\/adventsbasar-2024-anmeldeformular-fuer-schausteller\/\">Adventsbasar 2024 \u2013 Anmeldeformular f\u00fcr Schausteller<\/a><time datetime=\"2024-06-25T13:33:04+02:00\" class=\"wp-block-latest-posts__post-date\">25. Juni 2024<\/time><div class=\"wp-block-latest-posts__post-excerpt\">Adventsbasar 2024 &#8211; Anmeldeformular f\u00fcr Schausteller Info f\u00fcr interessierte Aussteller<\/div><\/li>\n<li><a class=\"wp-block-latest-posts__post-title\" href=\"https:\/\/www.glueck-auf-middels.de\/index.php\/2024\/04\/29\/losnummern-2024\/\">Losnummern 2024<\/a><time datetime=\"2024-04-29T20:44:29+02:00\" class=\"wp-block-latest-posts__post-date\">29. April 2024<\/time><div class=\"wp-block-latest-posts__post-excerpt\">48. Platz 16875 40. Platz 17576 32. Platz 19165 27. Platz 20006 3. Platz 20041 30. Platz 20258 31. Platz 20294 45.\u2026\u00a0<a class=\"wp-block-latest-posts__read-more\" href=\"https:\/\/www.glueck-auf-middels.de\/index.php\/2024\/04\/29\/losnummern-2024\/\" rel=\"noopener noreferrer\"><span class=\"screen-reader-text\">Losnummern 2024 <\/span>weiterlesen<\/a><\/div><\/li>\n<li><a class=\"wp-block-latest-posts__post-title\" href=\"https:\/\/www.glueck-auf-middels.de\/index.php\/2024\/04\/29\/wir-haben-ein-neues-koenigshaus-2024\/\">Wir haben ein neues K\u00f6nigshaus 2024!<\/a><time datetime=\"2024-04-29T20:07:39+02:00\" class=\"wp-block-latest-posts__post-date\">29. April 2024<\/time><div class=\"wp-block-latest-posts__post-excerpt\">Paul Meyer 75. Sch\u00fctzenk\u00f6nig bei \u201eGl\u00fcck auf\u201c Middels Nach unserem stimmungsvollen Sch\u00fctzenfest stellen wir unser 75. K\u00f6nigshaus vor:<\/div><\/li>\n<li><a class=\"wp-block-latest-posts__post-title\" href=\"https:\/\/www.glueck-auf-middels.de\/index.php\/2024\/04\/05\/einladung-zum-schuetzenfest\/\">Einladung zum 75. Sch\u00fctzenfest 2024!<\/a><time datetime=\"2024-04-05T19:45:00+02:00\" class=\"wp-block-latest-posts__post-date\">5. April 2024<\/time><div class=\"wp-block-latest-posts__post-excerpt\">Liebe G\u00e4ste, liebe Mitglieder, unser 75. Sch\u00fctzenfest steht bevor und wir m\u00f6chten in diesem Jahr wieder gemeinsam am 27. und 28. April\u2026\u00a0<a class=\"wp-block-latest-posts__read-more\" href=\"https:\/\/www.glueck-auf-middels.de\/index.php\/2024\/04\/05\/einladung-zum-schuetzenfest\/\" rel=\"noopener noreferrer\"><span class=\"screen-reader-text\">Einladung zum 75. Sch\u00fctzenfest 2024! <\/span>weiterlesen<\/a><\/div><\/li>\n<li><a class=\"wp-block-latest-posts__post-title\" href=\"https:\/\/www.glueck-auf-middels.de\/index.php\/2024\/04\/05\/schuetzenfest-2024\/\">Sch\u00fctzenfest 2024!<\/a><time datetime=\"2024-04-05T13:47:29+02:00\" class=\"wp-block-latest-posts__post-date\">5. April 2024<\/time><div class=\"wp-block-latest-posts__post-excerpt\">Liebe G\u00e4ste, liebe Mitglieder, unser 75. Sch\u00fctzenfest steht bevor und wir m\u00f6chten in diesem Jahr wieder gemeinsam am 27. und 28. April\u2026\u00a0<a class=\"wp-block-latest-posts__read-more\" href=\"https:\/\/www.glueck-auf-middels.de\/index.php\/2024\/04\/05\/schuetzenfest-2024\/\" rel=\"noopener noreferrer\"><span class=\"screen-reader-text\">Sch\u00fctzenfest 2024! <\/span>weiterlesen<\/a><\/div><\/li>\n<li><a class=\"wp-block-latest-posts__post-title\" href=\"https:\/\/www.glueck-auf-middels.de\/index.php\/2024\/04\/02\/luftgewehr-auflageschuetzen-innen-steigen-in-die-landesoberliga-auf\/\">Luftgewehr Auflagesch\u00fctzen\/innen steigen in die Landesoberliga auf<\/a><time datetime=\"2024-04-02T12:52:49+02:00\" class=\"wp-block-latest-posts__post-date\">2. April 2024<\/time><div class=\"wp-block-latest-posts__post-excerpt\">Am Sonntag, 24. M\u00e4rz 2024 reiste unsere 1. Luftgewehr-Auflage-Mannschaft zu den Aufstiegsk\u00e4mpfen nach Bassum. Dort traten 9 Mannschaften gegeneinander an um einen\u2026\u00a0<a class=\"wp-block-latest-posts__read-more\" href=\"https:\/\/www.glueck-auf-middels.de\/index.php\/2024\/04\/02\/luftgewehr-auflageschuetzen-innen-steigen-in-die-landesoberliga-auf\/\" rel=\"noopener noreferrer\"><span class=\"screen-reader-text\">Luftgewehr Auflagesch\u00fctzen\/innen steigen in die Landesoberliga auf <\/span>weiterlesen<\/a><\/div><\/li>\n<li><a class=\"wp-block-latest-posts__post-title\" href=\"https:\/\/www.glueck-auf-middels.de\/index.php\/2024\/02\/02\/luftgewehr-auflage-schuetzen-innen-nehmen-an-den-aufstiegskaempfen-zur-landesliga-teil\/\">Luftgewehr \u2013 Auflage Sch\u00fctzen\/innen nehmen an den Aufstiegsk\u00e4mpfen zur Landesliga teil<\/a><time datetime=\"2024-02-02T19:41:50+01:00\" class=\"wp-block-latest-posts__post-date\">2. Februar 2024<\/time><div class=\"wp-block-latest-posts__post-excerpt\">Ganz knapp und spannend ging es am Sonntag, 28. Januar 2024 in unserem Luftgewehr- Schie\u00dfstand zu. Die Sch\u00fctzen\/innen der Bezirksoberliga Luftgewehr Auflage\u2026\u00a0<a class=\"wp-block-latest-posts__read-more\" href=\"https:\/\/www.glueck-auf-middels.de\/index.php\/2024\/02\/02\/luftgewehr-auflage-schuetzen-innen-nehmen-an-den-aufstiegskaempfen-zur-landesliga-teil\/\" rel=\"noopener noreferrer\"><span class=\"screen-reader-text\">Luftgewehr \u2013 Auflage Sch\u00fctzen\/innen nehmen an den Aufstiegsk\u00e4mpfen zur Landesliga teil <\/span>weiterlesen<\/a><\/div><\/li>\n<li><a class=\"wp-block-latest-posts__post-title\" href=\"https:\/\/www.glueck-auf-middels.de\/index.php\/2024\/02\/02\/luftgewehrmannschaft-meister-der-landesoberliga\/\">Luftgewehrmannschaft Meister der Landesoberliga<\/a><time datetime=\"2024-02-02T19:35:53+01:00\" class=\"wp-block-latest-posts__post-date\">2. Februar 2024<\/time><div class=\"wp-block-latest-posts__post-excerpt\">Mit Stolz blicken wir \u201eGl\u00fcck auf\u201c \u2013 Sch\u00fctzen\/innen auf einen sportlich sehr erfolgreichen Sonntag zur\u00fcck. Die erste Luftgewehrmannschaft trat im letzten Ligawettkampf\u2026\u00a0<a class=\"wp-block-latest-posts__read-more\" href=\"https:\/\/www.glueck-auf-middels.de\/index.php\/2024\/02\/02\/luftgewehrmannschaft-meister-der-landesoberliga\/\" rel=\"noopener noreferrer\"><span class=\"screen-reader-text\">Luftgewehrmannschaft Meister der Landesoberliga <\/span>weiterlesen<\/a><\/div><\/li>\n<li><a class=\"wp-block-latest-posts__post-title\" href=\"https:\/\/www.glueck-auf-middels.de\/index.php\/2023\/12\/12\/spannung-in-der-landesverbands-oberliga\/\">Spannung in der Landesverbands-Oberliga<\/a><time datetime=\"2023-12-12T08:21:58+01:00\" class=\"wp-block-latest-posts__post-date\">12. Dezember 2023<\/time><div class=\"wp-block-latest-posts__post-excerpt\">Unsere Luftgewehr-Sch\u00fctzen\/innen behaupten sich in der h\u00f6chsten Liga des Landesverbandes Die 1. Luftgewehrmannschaft des Sch\u00fctzenvereins \u201eGl\u00fcck auf\u201c Middels absolvierte mit einem Sieg\u2026\u00a0<a class=\"wp-block-latest-posts__read-more\" href=\"https:\/\/www.glueck-auf-middels.de\/index.php\/2023\/12\/12\/spannung-in-der-landesverbands-oberliga\/\" rel=\"noopener noreferrer\"><span class=\"screen-reader-text\">Spannung in der Landesverbands-Oberliga <\/span>weiterlesen<\/a><\/div><\/li>\n<li><a class=\"wp-block-latest-posts__post-title\" href=\"https:\/\/www.glueck-auf-middels.de\/index.php\/2023\/10\/26\/adventsbasar-2023\/\">30. Adventsbasar!<\/a><time datetime=\"2023-10-26T22:15:00+02:00\" class=\"wp-block-latest-posts__post-date\">26. Oktober 2023<\/time><div class=\"wp-block-latest-posts__post-excerpt\">Adventsbasar am 26. November 2023 von 11.00 bis 17.30 Uhr Schon zum 30. Mal \u00f6ffnen wir am Sonntag, dem 26. November um\u2026\u00a0<a class=\"wp-block-latest-posts__read-more\" href=\"https:\/\/www.glueck-auf-middels.de\/index.php\/2023\/10\/26\/adventsbasar-2023\/\" rel=\"noopener noreferrer\"><span class=\"screen-reader-text\">30. Adventsbasar! <\/span>weiterlesen<\/a><\/div><\/li>\n<li><a class=\"wp-block-latest-posts__post-title\" href=\"https:\/\/www.glueck-auf-middels.de\/index.php\/2023\/05\/12\/wir-haben-ein-neues-koenigshaus-2023\/\">Wir haben ein neues K\u00f6nigshaus 2023!<\/a><time datetime=\"2023-05-12T09:19:52+02:00\" class=\"wp-block-latest-posts__post-date\">12. Mai 2023<\/time><div class=\"wp-block-latest-posts__post-excerpt\">Ende April wurde bei uns im Sch\u00fctzenhuus nach langer Pause wieder Sch\u00fctzenfest gefeiert. Eine Woche vor dem Fest wurde das neue K\u00f6nigshaus\u2026\u00a0<a class=\"wp-block-latest-posts__read-more\" href=\"https:\/\/www.glueck-auf-middels.de\/index.php\/2023\/05\/12\/wir-haben-ein-neues-koenigshaus-2023\/\" rel=\"noopener noreferrer\"><span class=\"screen-reader-text\">Wir haben ein neues K\u00f6nigshaus 2023! <\/span>weiterlesen<\/a><\/div><\/li>\n<\/ul>\n\n\n<p><\/p>\n","protected":false},"excerpt":{"rendered":"","protected":false},"author":1,"featured_media":0,"parent":0,"menu_order":0,"comment_status":"closed","ping_status":"closed","template":"","meta":{"footnotes":""},"class_list":["post-267","page","type-page","status-publish","hentry"],"_links":{"self":[{"href":"https:\/\/www.glueck-auf-middels.de\/index.php\/wp-json\/wp\/v2\/pages\/267","targetHints":{"allow":["GET"]}}],"collection":[{"href":"https:\/\/www.glueck-auf-middels.de\/index.php\/wp-json\/wp\/v2\/pages"}],"about":[{"href":"https:\/\/www.glueck-auf-middels.de\/index.php\/wp-json\/wp\/v2\/types\/page"}],"author":[{"embeddable":true,"href":"https:\/\/www.glueck-auf-middels.de\/index.php\/wp-json\/wp\/v2\/users\/1"}],"replies":[{"embeddable":true,"href":"https:\/\/www.glueck-auf-middels.de\/index.php\/wp-json\/wp\/v2\/comments?post=267"}],"version-history":[{"count":1,"href":"https:\/\/www.glueck-auf-middels.de\/index.php\/wp-json\/wp\/v2\/pages\/267\/revisions"}],"predecessor-version":[{"id":268,"href":"https:\/\/www.glueck-auf-middels.de\/index.php\/wp-json\/wp\/v2\/pages\/267\/revisions\/268"}],"wp:attachment":[{"href":"https:\/\/www.glueck-auf-middels.de\/index.php\/wp-json\/wp\/v2\/media?parent=267"}],"curies":[{"name":"wp","href":"https:\/\/api.w.org\/{rel}","templated":true}]}}