{"id":29,"date":"2020-01-19T15:56:55","date_gmt":"2020-01-19T14:56:55","guid":{"rendered":"https:\/\/www.glueck-auf-middels.de\/?page_id=29"},"modified":"2023-12-12T08:39:31","modified_gmt":"2023-12-12T07:39:31","slug":"bogensport","status":"publish","type":"page","link":"https:\/\/www.glueck-auf-middels.de\/index.php\/bogensport\/","title":{"rendered":"Bogensport"},"content":{"rendered":"\n<div style=\"display: right; padding: 6px;\"><img loading=\"lazy\" decoding=\"async\" width=\"100\" height=\"99\" class=\"wp-image-336\" style=\"width: 100px;\" src=\"https:\/\/www.glueck-auf-middels.de\/wp-content\/uploads\/2023\/12\/Logo_schwarz.jpg\" alt=\"\" srcset=\"https:\/\/www.glueck-auf-middels.de\/wp-content\/uploads\/2023\/12\/Logo_schwarz.jpg 929w, https:\/\/www.glueck-auf-middels.de\/wp-content\/uploads\/2023\/12\/Logo_schwarz-300x296.jpg 300w, https:\/\/www.glueck-auf-middels.de\/wp-content\/uploads\/2023\/12\/Logo_schwarz-150x150.jpg 150w, https:\/\/www.glueck-auf-middels.de\/wp-content\/uploads\/2023\/12\/Logo_schwarz-768x758.jpg 768w\" sizes=\"auto, (max-width: 100px) 100vw, 100px\" \/><\/div><p>In unserer Bogenabteilung sind Sch\u00fctzen mit selbstgefertigten Reiterb\u00f6gen, klassischen Recurveb\u00f6gen aber auch modernen Compoundb\u00f6gen. Wir trainieren montags und donnerstags um 19:00 Uhr. Wer Interesse hat, nimmt an Meisterschaften und Wettk\u00e4mpfen teil. <\/p>\n\n\n\n<figure class=\"wp-block-image size-large\"><img loading=\"lazy\" decoding=\"async\" width=\"768\" height=\"1024\" src=\"https:\/\/www.glueck-auf-middels.de\/wp-content\/uploads\/2023\/12\/Scheiben-768x1024.jpg\" alt=\"\" class=\"wp-image-334\" srcset=\"https:\/\/www.glueck-auf-middels.de\/wp-content\/uploads\/2023\/12\/Scheiben-768x1024.jpg 768w, https:\/\/www.glueck-auf-middels.de\/wp-content\/uploads\/2023\/12\/Scheiben-225x300.jpg 225w, https:\/\/www.glueck-auf-middels.de\/wp-content\/uploads\/2023\/12\/Scheiben-1152x1536.jpg 1152w, https:\/\/www.glueck-auf-middels.de\/wp-content\/uploads\/2023\/12\/Scheiben-1536x2048.jpg 1536w, https:\/\/www.glueck-auf-middels.de\/wp-content\/uploads\/2023\/12\/Scheiben-scaled.jpg 1920w\" sizes=\"auto, (max-width: 768px) 100vw, 768px\" \/><\/figure>\n\n\n\n<p>Uns\nstehen 6 Scheiben zur Verf\u00fcgung. Wir trainieren hier regelm\u00e4\u00dfig auf eine\nEntfernung von 18 m. Das ist unsere Wettkampfentfernung in der Wintersaison. In\nder Halle k\u00f6nnen die Pfeile aber auch bis auf 30 m geschossen werden. <\/p>\n\n\n\n<p>Das Bogenschie\u00dfen kann jeder ab 12 Jahren bei uns lernen. Unsere erfahrenen Bogensch\u00fctzen vermitteln gerne die Grundlagen f\u00fcr den Umgang mit dem Bogen und die K\u00f6rperhaltung. Das Training erfolgt mit einem vereinseigenen Recurvebogen, Pfeilen, K\u00f6cher und Armschutz. Eigenes Material ist anfangs nicht erforderlich. <\/p>\n\n\n\n<figure class=\"wp-block-image size-large\"><img loading=\"lazy\" decoding=\"async\" width=\"1024\" height=\"768\" src=\"https:\/\/www.glueck-auf-middels.de\/wp-content\/uploads\/2023\/12\/Halle-1024x768.jpg\" alt=\"\" class=\"wp-image-335\" srcset=\"https:\/\/www.glueck-auf-middels.de\/wp-content\/uploads\/2023\/12\/Halle-1024x768.jpg 1024w, https:\/\/www.glueck-auf-middels.de\/wp-content\/uploads\/2023\/12\/Halle-300x225.jpg 300w, https:\/\/www.glueck-auf-middels.de\/wp-content\/uploads\/2023\/12\/Halle-768x576.jpg 768w, https:\/\/www.glueck-auf-middels.de\/wp-content\/uploads\/2023\/12\/Halle-1536x1152.jpg 1536w, https:\/\/www.glueck-auf-middels.de\/wp-content\/uploads\/2023\/12\/Halle-2048x1536.jpg 2048w\" sizes=\"auto, (max-width: 1024px) 100vw, 1024px\" \/><\/figure>\n\n\n\n<p>Kommt\ndoch einfach zu den Trainingszeiten vorbei und probiert es aus. Selbstverst\u00e4ndlich\nsind auch erfahrene Sch\u00fctzen mit eigenem Material jederzeit willkommen.<\/p>\n","protected":false},"excerpt":{"rendered":"<p>In unserer Bogenabteilung sind Sch\u00fctzen mit selbstgefertigten Reiterb\u00f6gen, klassischen Recurveb\u00f6gen aber auch modernen Compoundb\u00f6gen. Wir trainieren montags und donnerstags um 19:00 Uhr. Wer Interesse hat, nimmt an Meisterschaften und Wettk\u00e4mpfen teil. Uns stehen 6 Scheiben zur Verf\u00fcgung. Wir trainieren hier regelm\u00e4\u00dfig auf eine Entfernung von 18 m. Das ist unsere Wettkampfentfernung in der Wintersaison. In [&hellip;]<\/p>\n","protected":false},"author":1,"featured_media":335,"parent":0,"menu_order":0,"comment_status":"closed","ping_status":"closed","template":"","meta":{"footnotes":""},"class_list":["post-29","page","type-page","status-publish","has-post-thumbnail","hentry"],"_links":{"self":[{"href":"https:\/\/www.glueck-auf-middels.de\/index.php\/wp-json\/wp\/v2\/pages\/29","targetHints":{"allow":["GET"]}}],"collection":[{"href":"https:\/\/www.glueck-auf-middels.de\/index.php\/wp-json\/wp\/v2\/pages"}],"about":[{"href":"https:\/\/www.glueck-auf-middels.de\/index.php\/wp-json\/wp\/v2\/types\/page"}],"author":[{"embeddable":true,"href":"https:\/\/www.glueck-auf-middels.de\/index.php\/wp-json\/wp\/v2\/users\/1"}],"replies":[{"embeddable":true,"href":"https:\/\/www.glueck-auf-middels.de\/index.php\/wp-json\/wp\/v2\/comments?post=29"}],"version-history":[{"count":10,"href":"https:\/\/www.glueck-auf-middels.de\/index.php\/wp-json\/wp\/v2\/pages\/29\/revisions"}],"predecessor-version":[{"id":342,"href":"https:\/\/www.glueck-auf-middels.de\/index.php\/wp-json\/wp\/v2\/pages\/29\/revisions\/342"}],"wp:featuredmedia":[{"embeddable":true,"href":"https:\/\/www.glueck-auf-middels.de\/index.php\/wp-json\/wp\/v2\/media\/335"}],"wp:attachment":[{"href":"https:\/\/www.glueck-auf-middels.de\/index.php\/wp-json\/wp\/v2\/media?parent=29"}],"curies":[{"name":"wp","href":"https:\/\/api.w.org\/{rel}","templated":true}]}}