{"id":31,"date":"2020-01-19T16:01:45","date_gmt":"2020-01-19T15:01:45","guid":{"rendered":"http:\/\/www.glueck-auf-middels.de\/wordpress\/?page_id=31"},"modified":"2024-04-02T18:35:51","modified_gmt":"2024-04-02T16:35:51","slug":"luftgewehr-und-luftpistole","status":"publish","type":"page","link":"https:\/\/www.glueck-auf-middels.de\/index.php\/luftgewehr-und-luftpistole\/","title":{"rendered":"Luftgewehr- und Luftpistole"},"content":{"rendered":"\n<p>Wir Luftgewehr- und Luftpistolensch\u00fctzen sind eine Gruppe von etwa 60 Mitgliedern im Alter von 12 bis etwa 80 Jahren. <\/p>\n\n\n\n<p>Kinder d\u00fcrfen ab 12 Jahren mit der Luftpistole und dem Luftgewehr \u00fcben und an Wettbewerben teilnehmen. <\/p>\n\n\n\n<p>Jeden Montag ab 18 Uhr trainieren die Jugendlichen unter der Anleitung unseres erfolgreichen Sportsch\u00fctzen und Jugendsportleiters Manfred Collmann. Unterst\u00fctzt wird er von Paul Meyer. <\/p>\n\n\n\n<figure class=\"wp-block-image size-large\"><img loading=\"lazy\" decoding=\"async\" width=\"1024\" height=\"768\" src=\"https:\/\/www.glueck-auf-middels.de\/wp-content\/uploads\/2024\/04\/WK-GAM-Hahn-1024x768.jpg\" alt=\"\" class=\"wp-image-361\" srcset=\"https:\/\/www.glueck-auf-middels.de\/wp-content\/uploads\/2024\/04\/WK-GAM-Hahn-1024x768.jpg 1024w, https:\/\/www.glueck-auf-middels.de\/wp-content\/uploads\/2024\/04\/WK-GAM-Hahn-300x225.jpg 300w, https:\/\/www.glueck-auf-middels.de\/wp-content\/uploads\/2024\/04\/WK-GAM-Hahn-768x576.jpg 768w, https:\/\/www.glueck-auf-middels.de\/wp-content\/uploads\/2024\/04\/WK-GAM-Hahn-1536x1152.jpg 1536w, https:\/\/www.glueck-auf-middels.de\/wp-content\/uploads\/2024\/04\/WK-GAM-Hahn.jpg 2000w\" sizes=\"auto, (max-width: 1024px) 100vw, 1024px\" \/><\/figure>\n\n\n\n<p>Die Ausr\u00fcstung, bestehend aus der Schie\u00dfjacke, der Schie\u00dfhose, dem Handschuh und dem Luftgewehr (oder der Luftpistole). Auch die Munition steht den Sch\u00fclern und Jugendlichen kostenfrei zur Verf\u00fcgung.<\/p>\n\n\n\n<p>Damit es interessant bleibt, f\u00fchren wir im Laufe des Jahres verschiedene Turniere und Wettbewerbe durch. Neben unseren Vereinsmeisterschaften nehmen wir nat\u00fcrlich an Kreis-, Bezirks- und ggf. auch an Landesmeisterschaften teil. Mit vielen Mannschaften treten wir in den verschiedenen Klassen bei den Staffelk\u00e4mpfen an. Vereinsintern veranstalten wir regelm\u00e4\u00dfig ein Doppel-Mixed-Pokalturnier, ein Mannschaftsturnier und Preisschie\u00dfen. Zwischendurch k\u00f6nnen die Sch\u00fctzen ihre Treffsicherheit  testen und sich mit Vereinskollegen\/innen zu Ranglistenwettk\u00e4mpfen verabreden. Bei allen Wettbewerben und an den \u00dcbungsabenden steht trotz sportlichem Ehrgeiz und ernsthaftem Training der Spa\u00df in der tollen Gemeinschaft im Vordergrund!<\/p>\n\n\n\n<p>Einfach mal herein schauen und mitmachen!<\/p>\n\n\n\n<ul class=\"wp-block-list\"><li>Traingszeiten f\u00fcr Sch\u00fcler &amp; Jugendliche: Montags 18 &#8211; 19 Uhr.<\/li><li>Traingszeiten f\u00fcr Erwachsense: 19 &#8211; 20 Uhr<\/li><\/ul>\n","protected":false},"excerpt":{"rendered":"<p>Wir Luftgewehr- und Luftpistolensch\u00fctzen sind eine Gruppe von etwa 60 Mitgliedern im Alter von 12 bis etwa 80 Jahren. Kinder d\u00fcrfen ab 12 Jahren mit der Luftpistole und dem Luftgewehr \u00fcben und an Wettbewerben teilnehmen. Jeden Montag ab 18 Uhr trainieren die Jugendlichen unter der Anleitung unseres erfolgreichen Sportsch\u00fctzen und Jugendsportleiters Manfred Collmann. Unterst\u00fctzt wird [&hellip;]<\/p>\n","protected":false},"author":1,"featured_media":0,"parent":0,"menu_order":0,"comment_status":"closed","ping_status":"closed","template":"","meta":{"footnotes":""},"class_list":["post-31","page","type-page","status-publish","hentry"],"_links":{"self":[{"href":"https:\/\/www.glueck-auf-middels.de\/index.php\/wp-json\/wp\/v2\/pages\/31","targetHints":{"allow":["GET"]}}],"collection":[{"href":"https:\/\/www.glueck-auf-middels.de\/index.php\/wp-json\/wp\/v2\/pages"}],"about":[{"href":"https:\/\/www.glueck-auf-middels.de\/index.php\/wp-json\/wp\/v2\/types\/page"}],"author":[{"embeddable":true,"href":"https:\/\/www.glueck-auf-middels.de\/index.php\/wp-json\/wp\/v2\/users\/1"}],"replies":[{"embeddable":true,"href":"https:\/\/www.glueck-auf-middels.de\/index.php\/wp-json\/wp\/v2\/comments?post=31"}],"version-history":[{"count":3,"href":"https:\/\/www.glueck-auf-middels.de\/index.php\/wp-json\/wp\/v2\/pages\/31\/revisions"}],"predecessor-version":[{"id":362,"href":"https:\/\/www.glueck-auf-middels.de\/index.php\/wp-json\/wp\/v2\/pages\/31\/revisions\/362"}],"wp:attachment":[{"href":"https:\/\/www.glueck-auf-middels.de\/index.php\/wp-json\/wp\/v2\/media?parent=31"}],"curies":[{"name":"wp","href":"https:\/\/api.w.org\/{rel}","templated":true}]}}