{"id":45,"date":"2020-01-19T16:25:18","date_gmt":"2020-01-19T15:25:18","guid":{"rendered":"https:\/\/www.glueck-auf-middels.de\/?page_id=45"},"modified":"2020-01-19T17:51:19","modified_gmt":"2020-01-19T16:51:19","slug":"schiesssport-abteilungen","status":"publish","type":"page","link":"https:\/\/www.glueck-auf-middels.de\/index.php\/schiesssport-abteilungen\/","title":{"rendered":"Schie\u00dfsport &#8211; Abteilungen"},"content":{"rendered":"\r\n<p>Navigiere zum Men\u00fc und w\u00e4hle die Schie\u00dfabteilung aus!<\/p>\r\n\r\n\r\n\r\n<figure class=\"wp-block-image size-large is-style-default\"><img loading=\"lazy\" decoding=\"async\" width=\"1024\" height=\"622\" src=\"https:\/\/www.glueck-auf-middels.de\/wp-content\/uploads\/2020\/01\/DSC_4170-1024x622.jpg\" alt=\"Gro\u00dfkaliberstand\" class=\"wp-image-76\" srcset=\"https:\/\/www.glueck-auf-middels.de\/wp-content\/uploads\/2020\/01\/DSC_4170-1024x622.jpg 1024w, https:\/\/www.glueck-auf-middels.de\/wp-content\/uploads\/2020\/01\/DSC_4170-300x182.jpg 300w, https:\/\/www.glueck-auf-middels.de\/wp-content\/uploads\/2020\/01\/DSC_4170-768x466.jpg 768w, https:\/\/www.glueck-auf-middels.de\/wp-content\/uploads\/2020\/01\/DSC_4170-1536x932.jpg 1536w, https:\/\/www.glueck-auf-middels.de\/wp-content\/uploads\/2020\/01\/DSC_4170-2048x1243.jpg 2048w\" sizes=\"auto, (max-width: 1024px) 100vw, 1024px\" \/><figcaption>Gro\u00dfkaliberstand<\/figcaption><\/figure>\r\n\r\n\r\n\r\n<figure class=\"wp-block-image size-large is-style-default\"><img loading=\"lazy\" decoding=\"async\" width=\"1024\" height=\"683\" src=\"https:\/\/www.glueck-auf-middels.de\/wp-content\/uploads\/2020\/01\/Gl\u00fcck-auf-Middels-Luftgewehrstand-2-1024x683.jpg\" alt=\"Luftgewehrstand\" class=\"wp-image-85\" srcset=\"https:\/\/www.glueck-auf-middels.de\/wp-content\/uploads\/2020\/01\/Gl\u00fcck-auf-Middels-Luftgewehrstand-2-1024x683.jpg 1024w, https:\/\/www.glueck-auf-middels.de\/wp-content\/uploads\/2020\/01\/Gl\u00fcck-auf-Middels-Luftgewehrstand-2-300x200.jpg 300w, https:\/\/www.glueck-auf-middels.de\/wp-content\/uploads\/2020\/01\/Gl\u00fcck-auf-Middels-Luftgewehrstand-2-768x512.jpg 768w, https:\/\/www.glueck-auf-middels.de\/wp-content\/uploads\/2020\/01\/Gl\u00fcck-auf-Middels-Luftgewehrstand-2-1536x1024.jpg 1536w, https:\/\/www.glueck-auf-middels.de\/wp-content\/uploads\/2020\/01\/Gl\u00fcck-auf-Middels-Luftgewehrstand-2-2048x1365.jpg 2048w\" sizes=\"auto, (max-width: 1024px) 100vw, 1024px\" \/><figcaption>Luftgewehrstand<\/figcaption><\/figure>\r\n\r\n\r\n\r\n<figure class=\"wp-block-image size-large is-style-default\"><img loading=\"lazy\" decoding=\"async\" width=\"1024\" height=\"683\" src=\"https:\/\/www.glueck-auf-middels.de\/wp-content\/uploads\/2020\/01\/Gl\u00fcck-auf-Middels-Kleinkaliberstand-3-1024x683.jpg\" alt=\"Kleinkaliberstand\" class=\"wp-image-84\" srcset=\"https:\/\/www.glueck-auf-middels.de\/wp-content\/uploads\/2020\/01\/Gl\u00fcck-auf-Middels-Kleinkaliberstand-3-1024x683.jpg 1024w, https:\/\/www.glueck-auf-middels.de\/wp-content\/uploads\/2020\/01\/Gl\u00fcck-auf-Middels-Kleinkaliberstand-3-300x200.jpg 300w, https:\/\/www.glueck-auf-middels.de\/wp-content\/uploads\/2020\/01\/Gl\u00fcck-auf-Middels-Kleinkaliberstand-3-768x512.jpg 768w, https:\/\/www.glueck-auf-middels.de\/wp-content\/uploads\/2020\/01\/Gl\u00fcck-auf-Middels-Kleinkaliberstand-3-1536x1024.jpg 1536w, https:\/\/www.glueck-auf-middels.de\/wp-content\/uploads\/2020\/01\/Gl\u00fcck-auf-Middels-Kleinkaliberstand-3-2048x1365.jpg 2048w\" sizes=\"auto, (max-width: 1024px) 100vw, 1024px\" \/><figcaption>Kleinkaliberstand<\/figcaption><\/figure>\r\n","protected":false},"excerpt":{"rendered":"<p>Navigiere zum Men\u00fc und w\u00e4hle die Schie\u00dfabteilung aus!<\/p>\n","protected":false},"author":1,"featured_media":0,"parent":0,"menu_order":0,"comment_status":"closed","ping_status":"closed","template":"","meta":{"footnotes":""},"class_list":["post-45","page","type-page","status-publish","hentry"],"_links":{"self":[{"href":"https:\/\/www.glueck-auf-middels.de\/index.php\/wp-json\/wp\/v2\/pages\/45","targetHints":{"allow":["GET"]}}],"collection":[{"href":"https:\/\/www.glueck-auf-middels.de\/index.php\/wp-json\/wp\/v2\/pages"}],"about":[{"href":"https:\/\/www.glueck-auf-middels.de\/index.php\/wp-json\/wp\/v2\/types\/page"}],"author":[{"embeddable":true,"href":"https:\/\/www.glueck-auf-middels.de\/index.php\/wp-json\/wp\/v2\/users\/1"}],"replies":[{"embeddable":true,"href":"https:\/\/www.glueck-auf-middels.de\/index.php\/wp-json\/wp\/v2\/comments?post=45"}],"version-history":[{"count":2,"href":"https:\/\/www.glueck-auf-middels.de\/index.php\/wp-json\/wp\/v2\/pages\/45\/revisions"}],"predecessor-version":[{"id":94,"href":"https:\/\/www.glueck-auf-middels.de\/index.php\/wp-json\/wp\/v2\/pages\/45\/revisions\/94"}],"wp:attachment":[{"href":"https:\/\/www.glueck-auf-middels.de\/index.php\/wp-json\/wp\/v2\/media?parent=45"}],"curies":[{"name":"wp","href":"https:\/\/api.w.org\/{rel}","templated":true}]}}