{"id":467,"date":"2026-02-20T08:47:05","date_gmt":"2026-02-20T07:47:05","guid":{"rendered":"https:\/\/www.glueck-auf-middels.de\/?page_id=467"},"modified":"2026-02-20T08:53:45","modified_gmt":"2026-02-20T07:53:45","slug":"adventsbasar-2026-im-schuetzenhuus-in-middels","status":"publish","type":"page","link":"https:\/\/www.glueck-auf-middels.de\/index.php\/adventsbasar-2026-im-schuetzenhuus-in-middels\/","title":{"rendered":"Adventsbasar 2026 &#8211; Infos"},"content":{"rendered":"\n<p>Liebe interessierte Ausstellerinnen und Aussteller,<br>hier ein paar Informationen zu unserem 33. Adventsbasar am <strong>22. November 2026 von 10.30 bis 18.00 Uhr.<\/strong><\/p>\n\n\n\n<p><br>Bei Interesse an einem Ausstellungsplatz f\u00fcllen Sie das Anmeldeformular aus und lassen es uns bis zum <strong>30. Juli 2026 <\/strong>zukommen. Wir werden danach die Standeinteilung vornehmen und Ihnen mitteilen, ob ihre Anmeldung ber\u00fccksichtigt werden konnte.<\/p>\n\n\n\n<p><br>Bitte f\u00fcllen Sie das <strong>Anmeldeformular vollst\u00e4ndig und sorgf\u00e4ltig<\/strong> aus. <strong>Geben Sie unbedingt genau an, was Sie pr\u00e4sentieren werden.<\/strong> Auch wenn Sie nur nebenher gestrickte Socken, Brot, Geb\u00e4ck, Gestecke usw. ausstellen, muss dieses zwingend angegeben werden. Dadurch bekommen wir nicht das Problem, dass z.B. drei St\u00e4nde nebeneinander Socken anbieten.<\/p>\n\n\n\n<p><br>Falls nicht alle Bewerber ber\u00fccksichtigt werden k\u00f6nnen, werden wir die Anmeldungen nach Warenangebot in Gruppen einteilen und aus jeder Gruppe die entsprechende Anzahl an Ausstellern auslosen.<\/p>\n\n\n\n<p><br>Das Standgeld betr\u00e4gt f\u00fcr einen Platz von 2,00 m Breite 24,00 \u20ac (3 m=32,00 \u20ac, 4 m= 40,00 \u20ac und 5 m=48,00 \u20ac). Im Standgeld enthalten ist die Verpflegungspauschale f\u00fcr 2 Personen. Wir bieten Ihnen Wasser, Tee und Kaffee, eine Bratwurst und 1 Portion Pommes und ein St\u00fcck Torte. F\u00fcr einen Stromanschluss berechnen wir 2,00 bis 5,00 \u20ac.<\/p>\n\n\n\n<p><br>Wir freuen uns auf Ihre Anmeldung.<\/p>\n\n\n\n<div data-wp-interactive=\"core\/file\" class=\"wp-block-file\"><object data-wp-bind--hidden=\"!state.hasPdfPreview\" hidden class=\"wp-block-file__embed\" data=\"https:\/\/www.glueck-auf-middels.de\/wp-content\/uploads\/2026\/02\/Anmeldeformular-2026.pdf\" type=\"application\/pdf\" style=\"width:100%;height:600px\" aria-label=\"Einbettung von Anmeldeformular Adentsbasar 2026 - Nur f\u00fcr Aussteller!.\"><\/object><a id=\"wp-block-file--media-3b6a11d4-5e8c-4a21-9fa2-f5b910492ab7\" href=\"https:\/\/www.glueck-auf-middels.de\/wp-content\/uploads\/2026\/02\/Anmeldeformular-2026.pdf\">Anmeldeformular Adentsbasar 2026 &#8211; Nur f\u00fcr Aussteller!<\/a><a href=\"https:\/\/www.glueck-auf-middels.de\/wp-content\/uploads\/2026\/02\/Anmeldeformular-2026.pdf\" class=\"wp-block-file__button wp-element-button\" download aria-describedby=\"wp-block-file--media-3b6a11d4-5e8c-4a21-9fa2-f5b910492ab7\">Herunterladen<\/a><\/div>\n","protected":false},"excerpt":{"rendered":"<p>Liebe interessierte Ausstellerinnen und Aussteller,hier ein paar Informationen zu unserem 33. Adventsbasar am 22. November 2026 von 10.30 bis 18.00 Uhr. Bei Interesse an einem Ausstellungsplatz f\u00fcllen Sie das Anmeldeformular aus und lassen es uns bis zum 30. Juli 2026 zukommen. Wir werden danach die Standeinteilung vornehmen und Ihnen mitteilen, ob ihre Anmeldung ber\u00fccksichtigt werden [&hellip;]<\/p>\n","protected":false},"author":1,"featured_media":0,"parent":0,"menu_order":0,"comment_status":"closed","ping_status":"closed","template":"","meta":{"footnotes":""},"class_list":["post-467","page","type-page","status-publish","hentry"],"_links":{"self":[{"href":"https:\/\/www.glueck-auf-middels.de\/index.php\/wp-json\/wp\/v2\/pages\/467","targetHints":{"allow":["GET"]}}],"collection":[{"href":"https:\/\/www.glueck-auf-middels.de\/index.php\/wp-json\/wp\/v2\/pages"}],"about":[{"href":"https:\/\/www.glueck-auf-middels.de\/index.php\/wp-json\/wp\/v2\/types\/page"}],"author":[{"embeddable":true,"href":"https:\/\/www.glueck-auf-middels.de\/index.php\/wp-json\/wp\/v2\/users\/1"}],"replies":[{"embeddable":true,"href":"https:\/\/www.glueck-auf-middels.de\/index.php\/wp-json\/wp\/v2\/comments?post=467"}],"version-history":[{"count":3,"href":"https:\/\/www.glueck-auf-middels.de\/index.php\/wp-json\/wp\/v2\/pages\/467\/revisions"}],"predecessor-version":[{"id":472,"href":"https:\/\/www.glueck-auf-middels.de\/index.php\/wp-json\/wp\/v2\/pages\/467\/revisions\/472"}],"wp:attachment":[{"href":"https:\/\/www.glueck-auf-middels.de\/index.php\/wp-json\/wp\/v2\/media?parent=467"}],"curies":[{"name":"wp","href":"https:\/\/api.w.org\/{rel}","templated":true}]}}